{"id":1244,"date":"2025-07-24T14:45:33","date_gmt":"2025-07-24T18:45:33","guid":{"rendered":"https:\/\/www.oututel.com\/?page_id=1244"},"modified":"2025-07-24T15:03:00","modified_gmt":"2025-07-24T19:03:00","slug":"quienes-somos","status":"publish","type":"page","link":"https:\/\/www.oututel.com\/index.php\/quienes-somos\/","title":{"rendered":"\u00bfQuienes Somos?"},"content":{"rendered":"\n<p>Somos una empresa l\u00edder en automatizaci\u00f3n industrial comprometida con la innovaci\u00f3n, la eficiencia y la transformaci\u00f3n tecnol\u00f3gica de la industria boliviana. Con m\u00e1s de 10 a\u00f1os de experiencia, ofrecemos soluciones integrales para el control y monitoreo de procesos industriales.<\/p>\n\n\n<div class=\"wp-block-image\">\n<figure class=\"aligncenter size-full is-resized\"><img loading=\"lazy\" decoding=\"async\" width=\"826\" height=\"837\" src=\"https:\/\/www.oututel.com\/wp-content\/uploads\/2025\/07\/logo-empresa-e1753382620683.png\" alt=\"\" class=\"wp-image-1245\" style=\"width:251px;height:auto\" srcset=\"https:\/\/www.oututel.com\/wp-content\/uploads\/2025\/07\/logo-empresa-e1753382620683.png 826w, https:\/\/www.oututel.com\/wp-content\/uploads\/2025\/07\/logo-empresa-e1753382620683-296x300.png 296w, https:\/\/www.oututel.com\/wp-content\/uploads\/2025\/07\/logo-empresa-e1753382620683-768x778.png 768w\" sizes=\"(max-width: 826px) 100vw, 826px\" \/><\/figure><\/div>\n\n\n<hr class=\"wp-block-separator has-alpha-channel-opacity\"\/>\n\n\n\n<div class=\"wp-block-media-text is-stacked-on-mobile\"><figure class=\"wp-block-media-text__media\"><img loading=\"lazy\" decoding=\"async\" width=\"626\" height=\"394\" src=\"https:\/\/www.oututel.com\/wp-content\/uploads\/2025\/07\/mision.png\" alt=\"\" class=\"wp-image-1255 size-full\" srcset=\"https:\/\/www.oututel.com\/wp-content\/uploads\/2025\/07\/mision.png 626w, https:\/\/www.oututel.com\/wp-content\/uploads\/2025\/07\/mision-300x189.png 300w\" sizes=\"(max-width: 626px) 100vw, 626px\" \/><\/figure><div class=\"wp-block-media-text__content\">\n<p><strong>NUESTRA MISI\u00d3N<\/strong><\/p>\n\n\n\n<p>Impulsar la productividad de las industrias mediante tecnolog\u00eda avanzada, brindando soluciones sostenibles y a medida.<\/p>\n<\/div><\/div>\n\n\n\n<div class=\"wp-block-media-text has-media-on-the-right is-stacked-on-mobile\"><div class=\"wp-block-media-text__content\">\n<p><strong>NUESTRA VISI\u00d3N<\/strong><\/p>\n\n\n\n<p>Ser referente en automatizaci\u00f3n industrial en Latinoam\u00e9rica, reconocidos por la calidad, innovaci\u00f3n y compromiso con nuestros clientes.<\/p>\n<\/div><figure class=\"wp-block-media-text__media\"><img loading=\"lazy\" decoding=\"async\" width=\"1024\" height=\"683\" src=\"https:\/\/www.oututel.com\/wp-content\/uploads\/2025\/07\/vision-1024x683.jpg\" alt=\"\" class=\"wp-image-1254 size-full\" srcset=\"https:\/\/www.oututel.com\/wp-content\/uploads\/2025\/07\/vision-1024x683.jpg 1024w, https:\/\/www.oututel.com\/wp-content\/uploads\/2025\/07\/vision-300x200.jpg 300w, https:\/\/www.oututel.com\/wp-content\/uploads\/2025\/07\/vision-768x512.jpg 768w, https:\/\/www.oututel.com\/wp-content\/uploads\/2025\/07\/vision-1536x1024.jpg 1536w, https:\/\/www.oututel.com\/wp-content\/uploads\/2025\/07\/vision-2048x1365.jpg 2048w\" sizes=\"(max-width: 1024px) 100vw, 1024px\" \/><\/figure><\/div>\n\n\n\n<ul>\n<li>Innovaci\u00f3n constante<\/li>\n\n\n\n<li>\u00c9tica y compromiso<\/li>\n\n\n\n<li>Orientaci\u00f3n al cliente<\/li>\n\n\n\n<li>Trabajo en equipo<\/li>\n\n\n\n<li>Excelencia en cada proyecto<\/li>\n<\/ul>\n","protected":false},"excerpt":{"rendered":"<p>Somos una empresa l\u00edder en automatizaci\u00f3n industrial comprometida con la innovaci\u00f3n, la eficiencia y la transformaci\u00f3n tecnol\u00f3gica de la industria boliviana. Con m\u00e1s de 10 a\u00f1os de experiencia, ofrecemos soluciones integrales para el control y monitoreo de procesos industriales. NUESTRA MISI\u00d3N Impulsar la productividad de las industrias mediante tecnolog\u00eda avanzada,&#8230;<\/p>\n","protected":false},"author":1,"featured_media":0,"parent":0,"menu_order":0,"comment_status":"closed","ping_status":"closed","template":"","meta":{"footnotes":""},"_links":{"self":[{"href":"https:\/\/www.oututel.com\/index.php\/wp-json\/wp\/v2\/pages\/1244"}],"collection":[{"href":"https:\/\/www.oututel.com\/index.php\/wp-json\/wp\/v2\/pages"}],"about":[{"href":"https:\/\/www.oututel.com\/index.php\/wp-json\/wp\/v2\/types\/page"}],"author":[{"embeddable":true,"href":"https:\/\/www.oututel.com\/index.php\/wp-json\/wp\/v2\/users\/1"}],"replies":[{"embeddable":true,"href":"https:\/\/www.oututel.com\/index.php\/wp-json\/wp\/v2\/comments?post=1244"}],"version-history":[{"count":4,"href":"https:\/\/www.oututel.com\/index.php\/wp-json\/wp\/v2\/pages\/1244\/revisions"}],"predecessor-version":[{"id":1258,"href":"https:\/\/www.oututel.com\/index.php\/wp-json\/wp\/v2\/pages\/1244\/revisions\/1258"}],"wp:attachment":[{"href":"https:\/\/www.oututel.com\/index.php\/wp-json\/wp\/v2\/media?parent=1244"}],"curies":[{"name":"wp","href":"https:\/\/api.w.org\/{rel}","templated":true}]}}